{"id":2559,"date":"2024-08-11T22:24:59","date_gmt":"2024-08-11T20:24:59","guid":{"rendered":"https:\/\/alk-service.com\/store\/?post_type=product&#038;p=2559"},"modified":"2025-04-06T21:23:39","modified_gmt":"2025-04-06T19:23:39","slug":"housse-matelas-lit-2-personnes","status":"publish","type":"product","link":"https:\/\/alk-service.com\/store\/product\/housse-matelas-lit-2-personnes\/","title":{"rendered":"Housse matelas lit 2 personnes L190 X l140 \u00e9paisseur 15 cm"},"content":{"rendered":"","protected":false},"excerpt":{"rendered":"<p>Housse de matelas anti-acariens 190x140x15cm. Con\u00e7ue en microfibre 100% polyester, fabriqu\u00e9e en France, la housse Acar-Housses\u00ae assure une barri\u00e8re efficace contre les allerg\u00e8nes. Gr\u00e2ce \u00e0 sa fermeture \u00e0 glissi\u00e8re prot\u00e9g\u00e9e par un large rabat, elle enveloppe enti\u00e8rement votre matelas, bloquant les acariens qu\u2019il peut contenir.<\/p>\n","protected":false},"featured_media":2687,"template":"","meta":[],"product_brand":[],"product_cat":[24],"product_tag":[],"class_list":{"0":"post-2559","1":"product","2":"type-product","3":"status-publish","4":"has-post-thumbnail","6":"product_cat-housses-matelas","8":"first","9":"instock","10":"shipping-taxable","11":"purchasable","12":"product-type-simple"},"_links":{"self":[{"href":"https:\/\/alk-service.com\/store\/wp-json\/wp\/v2\/product\/2559","targetHints":{"allow":["GET"]}}],"collection":[{"href":"https:\/\/alk-service.com\/store\/wp-json\/wp\/v2\/product"}],"about":[{"href":"https:\/\/alk-service.com\/store\/wp-json\/wp\/v2\/types\/product"}],"wp:featuredmedia":[{"embeddable":true,"href":"https:\/\/alk-service.com\/store\/wp-json\/wp\/v2\/media\/2687"}],"wp:attachment":[{"href":"https:\/\/alk-service.com\/store\/wp-json\/wp\/v2\/media?parent=2559"}],"wp:term":[{"taxonomy":"product_brand","embeddable":true,"href":"https:\/\/alk-service.com\/store\/wp-json\/wp\/v2\/product_brand?post=2559"},{"taxonomy":"product_cat","embeddable":true,"href":"https:\/\/alk-service.com\/store\/wp-json\/wp\/v2\/product_cat?post=2559"},{"taxonomy":"product_tag","embeddable":true,"href":"https:\/\/alk-service.com\/store\/wp-json\/wp\/v2\/product_tag?post=2559"}],"curies":[{"name":"wp","href":"https:\/\/api.w.org\/{rel}","templated":true}]}}