{"id":2608,"date":"2024-08-14T22:52:29","date_gmt":"2024-08-14T20:52:29","guid":{"rendered":"https:\/\/alk-service.com\/store\/?post_type=product&#038;p=2608"},"modified":"2025-12-07T00:46:55","modified_gmt":"2025-12-06T23:46:55","slug":"housse-oreillers-l65-x-l65","status":"publish","type":"product","link":"https:\/\/alk-service.com\/store\/product\/housse-oreillers-l65-x-l65\/","title":{"rendered":"Housse oreillers L65 X l65"},"content":{"rendered":"","protected":false},"excerpt":{"rendered":"<p>Housse d\u2019oreillers anti-acariens 65x65cm. Con\u00e7ue en microfibre 100% polyester, fabriqu\u00e9e en France, la housse Acar-Housses\u00ae assure une barri\u00e8re efficace contre les allerg\u00e8nes. Gr\u00e2ce \u00e0 sa fermeture \u00e0 glissi\u00e8re prot\u00e9g\u00e9e par un large rabat, elle enveloppe enti\u00e8rement votre oreiller, bloquant les acariens qu\u2019il peut contenir.<\/p>\n","protected":false},"featured_media":2686,"template":"","meta":[],"product_brand":[],"product_cat":[15],"product_tag":[],"class_list":{"0":"post-2608","1":"product","2":"type-product","3":"status-publish","4":"has-post-thumbnail","6":"product_cat-housses-oreillers","8":"first","9":"instock","10":"shipping-taxable","11":"purchasable","12":"product-type-simple"},"_links":{"self":[{"href":"https:\/\/alk-service.com\/store\/wp-json\/wp\/v2\/product\/2608","targetHints":{"allow":["GET"]}}],"collection":[{"href":"https:\/\/alk-service.com\/store\/wp-json\/wp\/v2\/product"}],"about":[{"href":"https:\/\/alk-service.com\/store\/wp-json\/wp\/v2\/types\/product"}],"wp:featuredmedia":[{"embeddable":true,"href":"https:\/\/alk-service.com\/store\/wp-json\/wp\/v2\/media\/2686"}],"wp:attachment":[{"href":"https:\/\/alk-service.com\/store\/wp-json\/wp\/v2\/media?parent=2608"}],"wp:term":[{"taxonomy":"product_brand","embeddable":true,"href":"https:\/\/alk-service.com\/store\/wp-json\/wp\/v2\/product_brand?post=2608"},{"taxonomy":"product_cat","embeddable":true,"href":"https:\/\/alk-service.com\/store\/wp-json\/wp\/v2\/product_cat?post=2608"},{"taxonomy":"product_tag","embeddable":true,"href":"https:\/\/alk-service.com\/store\/wp-json\/wp\/v2\/product_tag?post=2608"}],"curies":[{"name":"wp","href":"https:\/\/api.w.org\/{rel}","templated":true}]}}